{"id":70,"date":"2025-06-09T17:40:04","date_gmt":"2025-06-09T15:40:04","guid":{"rendered":"https:\/\/www.varsat.fr\/?page_id=70"},"modified":"2025-06-30T00:39:32","modified_gmt":"2025-06-29T22:39:32","slug":"contact","status":"publish","type":"page","link":"https:\/\/www.varsat.fr\/index.php\/contact\/","title":{"rendered":"Contact"},"content":{"rendered":"<p>[et_pb_section fb_built=&#8221;1&#8243; admin_label=&#8221;Header &#038; Contact Form&#8221; _builder_version=&#8221;4.25.2&#8243; _module_preset=&#8221;default&#8221; background_color=&#8221;#000000&#8243; use_background_color_gradient=&#8221;on&#8221; background_color_gradient_stops=&#8221;#000f29 0%|rgba(0,0,0,0) 50%|#000f29 100%&#8221; background_color_gradient_overlays_image=&#8221;on&#8221; background_image=&#8221;https:\/\/www.varsat.fr\/wp-content\/uploads\/2025\/06\/Background-5-JPEG-Varsat-scaled.jpg&#8221; parallax=&#8221;on&#8221; collapsed=&#8221;on&#8221; global_colors_info=&#8221;{}&#8221;][et_pb_row column_structure=&#8221;1_2,1_2&#8243; _builder_version=&#8221;4.24.2&#8243; _module_preset=&#8221;default&#8221; global_colors_info=&#8221;{}&#8221;][et_pb_column type=&#8221;1_2&#8243; _builder_version=&#8221;4.22.1&#8243; _module_preset=&#8221;default&#8221; global_colors_info=&#8221;{}&#8221;][et_pb_text disabled_on=&#8221;on|on|off&#8221; _builder_version=&#8221;4.25.2&#8243; _module_preset=&#8221;444ec507-38ad-46ae-a3a1-670489125bf3&#8243; header_font=&#8221;Verdana|700||on|||||&#8221; header_text_color=&#8221;#FFFFFF&#8221; header_font_size=&#8221;49px&#8221; header_2_font=&#8221;Verdana|700||on|||||&#8221; header_2_text_color=&#8221;#FFFFFF&#8221; global_colors_info=&#8221;{}&#8221;]<\/p>\n<h1>Contactez-nous<\/h1>\n<p>[\/et_pb_text][et_pb_text disabled_on=&#8221;off|off|off&#8221; _builder_version=&#8221;4.27.4&#8243; _module_preset=&#8221;096a878d-37cf-43ab-aad2-9afc5e19ed09&#8243; text_font=&#8221;Open Sans|500|||||||&#8221; text_text_color=&#8221;#FFFFFF&#8221; hover_enabled=&#8221;0&#8243; global_colors_info=&#8221;{}&#8221; sticky_enabled=&#8221;0&#8243; background_color=&#8221;rgba(10,10,10,0.12)&#8221; border_radii=&#8221;on|10px|10px|10px|10px&#8221;]<\/p>\n<p data-start=\"170\" data-end=\"224\"><strong>Une question ? Un projet ? Besoin d\u2019un renseignement ?<\/strong><\/p>\n<p data-start=\"226\" data-end=\"431\">L\u2019\u00e9quipe de Varsat est \u00e0 votre \u00e9coute.<br data-start=\"264\" data-end=\"267\" \/>N\u2019h\u00e9sitez pas \u00e0 nous \u00e9crire via le formulaire ou \u00e0 nous contacter directement par e-mail ou t\u00e9l\u00e9phone.<br \/><br data-start=\"380\" data-end=\"383\" \/>Nous vous r\u00e9pondrons dans les plus brefs d\u00e9lais.<\/p>\n<p>[\/et_pb_text][\/et_pb_column][et_pb_column type=&#8221;1_2&#8243; _builder_version=&#8221;4.22.1&#8243; _module_preset=&#8221;default&#8221; global_colors_info=&#8221;{}&#8221;][et_pb_contact_form email=&#8221;l.costa@varsat.fr&#8221; custom_message=&#8221;Nouveau mail provenant du formulaire de contact du site Varsat:||et_pb_line_break_holder||||et_pb_line_break_holder||%%Name%%||et_pb_line_break_holder||%%Email%%||et_pb_line_break_holder||%%Message%%&#8221; success_message=&#8221;Message envoy\u00e9 avec succ\u00e8s&#8221; submit_button_text=&#8221;Envoyer&#8221; disabled_on=&#8221;off|off|off&#8221; _builder_version=&#8221;4.27.4&#8243; _module_preset=&#8221;1f2bd849-4d4b-497c-8d83-851eb54a0e2e&#8221; captcha_font=&#8221;&#8211;et_global_body_font||||||||&#8221; captcha_text_color=&#8221;#FFFFFF&#8221; button_text_color=&#8221;#FFFFFF&#8221; button_font=&#8221;Open Sans|700||on|||||&#8221; border_radii=&#8221;on|4px|4px|4px|4px&#8221; locked=&#8221;off&#8221; global_colors_info=&#8221;{}&#8221;][et_pb_contact_field field_id=&#8221;Name&#8221; field_title=&#8221;Nom&#8221; fullwidth_field=&#8221;on&#8221; _builder_version=&#8221;4.27.4&#8243; _module_preset=&#8221;default&#8221; global_colors_info=&#8221;{}&#8221; button_text_size__hover_enabled=&#8221;off&#8221; button_one_text_size__hover_enabled=&#8221;off&#8221; button_two_text_size__hover_enabled=&#8221;off&#8221; button_text_color__hover_enabled=&#8221;off&#8221; button_one_text_color__hover_enabled=&#8221;off&#8221; button_two_text_color__hover_enabled=&#8221;off&#8221; button_border_width__hover_enabled=&#8221;off&#8221; button_one_border_width__hover_enabled=&#8221;off&#8221; button_two_border_width__hover_enabled=&#8221;off&#8221; button_border_color__hover_enabled=&#8221;off&#8221; button_one_border_color__hover_enabled=&#8221;off&#8221; button_two_border_color__hover_enabled=&#8221;off&#8221; button_border_radius__hover_enabled=&#8221;off&#8221; button_one_border_radius__hover_enabled=&#8221;off&#8221; button_two_border_radius__hover_enabled=&#8221;off&#8221; button_letter_spacing__hover_enabled=&#8221;off&#8221; button_one_letter_spacing__hover_enabled=&#8221;off&#8221; button_two_letter_spacing__hover_enabled=&#8221;off&#8221; button_bg_color__hover_enabled=&#8221;off&#8221; button_one_bg_color__hover_enabled=&#8221;off&#8221; button_two_bg_color__hover_enabled=&#8221;off&#8221;][\/et_pb_contact_field][et_pb_contact_field field_id=&#8221;Email&#8221; field_title=&#8221;e-mail&#8221; field_type=&#8221;email&#8221; fullwidth_field=&#8221;on&#8221; _builder_version=&#8221;4.25.2&#8243; _module_preset=&#8221;default&#8221; global_colors_info=&#8221;{}&#8221; button_text_size__hover_enabled=&#8221;off&#8221; button_one_text_size__hover_enabled=&#8221;off&#8221; button_two_text_size__hover_enabled=&#8221;off&#8221; button_text_color__hover_enabled=&#8221;off&#8221; button_one_text_color__hover_enabled=&#8221;off&#8221; button_two_text_color__hover_enabled=&#8221;off&#8221; button_border_width__hover_enabled=&#8221;off&#8221; button_one_border_width__hover_enabled=&#8221;off&#8221; button_two_border_width__hover_enabled=&#8221;off&#8221; button_border_color__hover_enabled=&#8221;off&#8221; button_one_border_color__hover_enabled=&#8221;off&#8221; button_two_border_color__hover_enabled=&#8221;off&#8221; button_border_radius__hover_enabled=&#8221;off&#8221; button_one_border_radius__hover_enabled=&#8221;off&#8221; button_two_border_radius__hover_enabled=&#8221;off&#8221; button_letter_spacing__hover_enabled=&#8221;off&#8221; button_one_letter_spacing__hover_enabled=&#8221;off&#8221; button_two_letter_spacing__hover_enabled=&#8221;off&#8221; button_bg_color__hover_enabled=&#8221;off&#8221; button_one_bg_color__hover_enabled=&#8221;off&#8221; button_two_bg_color__hover_enabled=&#8221;off&#8221;][\/et_pb_contact_field][et_pb_contact_field field_id=&#8221;Message&#8221; field_title=&#8221;Message&#8221; field_type=&#8221;text&#8221; fullwidth_field=&#8221;on&#8221; _builder_version=&#8221;4.16&#8243; _module_preset=&#8221;default&#8221; global_colors_info=&#8221;{}&#8221; button_text_size__hover_enabled=&#8221;off&#8221; button_one_text_size__hover_enabled=&#8221;off&#8221; button_two_text_size__hover_enabled=&#8221;off&#8221; button_text_color__hover_enabled=&#8221;off&#8221; button_one_text_color__hover_enabled=&#8221;off&#8221; button_two_text_color__hover_enabled=&#8221;off&#8221; button_border_width__hover_enabled=&#8221;off&#8221; button_one_border_width__hover_enabled=&#8221;off&#8221; button_two_border_width__hover_enabled=&#8221;off&#8221; button_border_color__hover_enabled=&#8221;off&#8221; button_one_border_color__hover_enabled=&#8221;off&#8221; button_two_border_color__hover_enabled=&#8221;off&#8221; button_border_radius__hover_enabled=&#8221;off&#8221; button_one_border_radius__hover_enabled=&#8221;off&#8221; button_two_border_radius__hover_enabled=&#8221;off&#8221; button_letter_spacing__hover_enabled=&#8221;off&#8221; button_one_letter_spacing__hover_enabled=&#8221;off&#8221; button_two_letter_spacing__hover_enabled=&#8221;off&#8221; button_bg_color__hover_enabled=&#8221;off&#8221; button_one_bg_color__hover_enabled=&#8221;off&#8221; button_two_bg_color__hover_enabled=&#8221;off&#8221;][\/et_pb_contact_field][\/et_pb_contact_form][\/et_pb_column][\/et_pb_row][\/et_pb_section][et_pb_section fb_built=&#8221;1&#8243; admin_label=&#8221;Contact Info&#8221; _builder_version=&#8221;4.25.2&#8243; _module_preset=&#8221;default&#8221; background_color=&#8221;#000f29&#8243; background_enable_image=&#8221;off&#8221; custom_padding=&#8221;59px||112px|||&#8221; top_divider_style=&#8221;wave2&#8243; top_divider_color=&#8221;#000f29&#8243; bottom_divider_style=&#8221;wave2&#8243; bottom_divider_color=&#8221;#520026&#8243; locked=&#8221;off&#8221; collapsed=&#8221;on&#8221; global_colors_info=&#8221;{}&#8221;][et_pb_row column_structure=&#8221;1_2,1_2&#8243; make_equal=&#8221;on&#8221; _builder_version=&#8221;4.25.2&#8243; _module_preset=&#8221;default&#8221; global_colors_info=&#8221;{}&#8221;][et_pb_column type=&#8221;1_2&#8243; _builder_version=&#8221;4.22.1&#8243; _module_preset=&#8221;default&#8221; custom_padding=&#8221;30px|30px|30px|30px|true|true&#8221; custom_padding_tablet=&#8221;30px|30px|30px|30px|true|true&#8221; custom_padding_phone=&#8221;20px|20px|20px|20px|true|true&#8221; custom_padding_last_edited=&#8221;on|phone&#8221; border_radii=&#8221;on|10px|10px|10px|10px&#8221; border_width_all=&#8221;1px&#8221; border_color_all=&#8221;rgba(255,255,255,0.4)&#8221; global_colors_info=&#8221;{%22gcid-143aa564-2dbe-4a69-aba4-6587f516793c%22:%91%22background_color%22%93}&#8221; border_color_all__hover=&#8221;#FFFFFF&#8221; border_color_all__hover_enabled=&#8221;on|desktop&#8221;][et_pb_icon font_icon=&#8221;&#xe010;||divi||400&#8243; icon_color=&#8221;#520026&#8243; icon_width=&#8221;57px&#8221; align=&#8221;left&#8221; _builder_version=&#8221;4.25.2&#8243; _module_preset=&#8221;default&#8221; global_colors_info=&#8221;{}&#8221;][\/et_pb_icon][et_pb_text _builder_version=&#8221;4.25.2&#8243; _module_preset=&#8221;8b36d9c9-32d1-4f0e-8dd8-eb70be2ac3f3&#8243; header_4_font=&#8221;Verdana|700|||||||&#8221; header_4_text_color=&#8221;#FFFFFF&#8221; custom_margin=&#8221;||10px||false|false&#8221; global_colors_info=&#8221;{}&#8221;]<\/p>\n<h4>Email<\/h4>\n<p>[\/et_pb_text][et_pb_text _builder_version=&#8221;4.27.4&#8243; _module_preset=&#8221;087b69a2-b4b2-4bcb-9650-3a7ff896aee9&#8243; text_font=&#8221;&#8211;et_global_body_font|700|||||||&#8221; text_text_color=&#8221;#FFFFFF&#8221; link_text_color=&#8221;#FFFFFF&#8221; global_colors_info=&#8221;{}&#8221;]<\/p>\n<p><a href=\"mailto:l.costa@varsat.fr\" target=\"_blank\" rel=\"noopener\"><span>l.costa@varsat.fr<\/span><\/a><\/p>\n<p>[\/et_pb_text][\/et_pb_column][et_pb_column type=&#8221;1_2&#8243; _builder_version=&#8221;4.27.4&#8243; _module_preset=&#8221;default&#8221; global_colors_info=&#8221;{}&#8221;][\/et_pb_column][\/et_pb_row][\/et_pb_section][et_pb_section fb_built=&#8221;1&#8243; admin_label=&#8221;Features&#8221; _builder_version=&#8221;4.27.4&#8243; _module_preset=&#8221;default&#8221; background_color=&#8221;#000000&#8243; use_background_color_gradient=&#8221;on&#8221; background_color_gradient_direction=&#8221;360deg&#8221; background_color_gradient_stops=&#8221;#000f29 0%|#520026 100%&#8221; top_divider_style=&#8221;wave&#8221; top_divider_color=&#8221;#520026&#8243; bottom_divider_style=&#8221;curve&#8221; bottom_divider_color=&#8221;#010e28&#8243; bottom_divider_height=&#8221;32px&#8221; locked=&#8221;off&#8221; collapsed=&#8221;on&#8221; global_colors_info=&#8221;{}&#8221;][et_pb_row column_structure=&#8221;1_4,1_4,1_4,1_4&#8243; disabled_on=&#8221;on|on|on&#8221; _builder_version=&#8221;4.24.2&#8243; _module_preset=&#8221;default&#8221; disabled=&#8221;on&#8221; global_colors_info=&#8221;{}&#8221;][et_pb_column type=&#8221;1_4&#8243; _builder_version=&#8221;4.22.1&#8243; _module_preset=&#8221;default&#8221; global_colors_info=&#8221;{}&#8221;][et_pb_text _builder_version=&#8221;4.24.2&#8243; _module_preset=&#8221;6178d60b-f20a-4718-908a-77bdd2835408&#8243; header_4_text_color=&#8221;#FFFFFF&#8221; custom_margin=&#8221;||10px||false|false&#8221; global_colors_info=&#8221;{}&#8221;]<\/p>\n<h4>Company<\/h4>\n<p>[\/et_pb_text][et_pb_text _builder_version=&#8221;4.24.2&#8243; _module_preset=&#8221;60e0182e-0106-49da-99cf-3d5261a38e3e&#8221; text_text_color=&#8221;#FFFFFF&#8221; link_text_color=&#8221;#FFFFFF&#8221; custom_margin=&#8221;||10px||false|false&#8221; global_colors_info=&#8221;{}&#8221;]<\/p>\n<p><a href=\"#\">About Us<\/a><\/p>\n<p>[\/et_pb_text][et_pb_text _builder_version=&#8221;4.24.2&#8243; _module_preset=&#8221;60e0182e-0106-49da-99cf-3d5261a38e3e&#8221; text_text_color=&#8221;#FFFFFF&#8221; link_text_color=&#8221;#FFFFFF&#8221; custom_margin=&#8221;||10px||false|false&#8221; global_colors_info=&#8221;{}&#8221;]<a href=\"#\">Media &#038; Press<\/a>[\/et_pb_text][et_pb_text _builder_version=&#8221;4.24.2&#8243; _module_preset=&#8221;60e0182e-0106-49da-99cf-3d5261a38e3e&#8221; text_text_color=&#8221;#FFFFFF&#8221; link_text_color=&#8221;#FFFFFF&#8221; custom_margin=&#8221;||10px||false|false&#8221; global_colors_info=&#8221;{}&#8221;]<a href=\"#\">Careers<\/a>[\/et_pb_text][\/et_pb_column][et_pb_column type=&#8221;1_4&#8243; _builder_version=&#8221;4.22.1&#8243; _module_preset=&#8221;default&#8221; global_colors_info=&#8221;{}&#8221;][et_pb_text _builder_version=&#8221;4.24.2&#8243; _module_preset=&#8221;6178d60b-f20a-4718-908a-77bdd2835408&#8243; header_4_text_color=&#8221;#FFFFFF&#8221; custom_margin=&#8221;||10px||false|false&#8221; global_colors_info=&#8221;{}&#8221;]<\/p>\n<h4>Products<\/h4>\n<p>[\/et_pb_text][et_pb_text _builder_version=&#8221;4.24.2&#8243; _module_preset=&#8221;60e0182e-0106-49da-99cf-3d5261a38e3e&#8221; text_text_color=&#8221;#FFFFFF&#8221; link_text_color=&#8221;#FFFFFF&#8221; custom_margin=&#8221;||10px||false|false&#8221; global_colors_info=&#8221;{}&#8221;]<\/p>\n<p>API<\/p>\n<p>[\/et_pb_text][et_pb_text _builder_version=&#8221;4.24.2&#8243; _module_preset=&#8221;60e0182e-0106-49da-99cf-3d5261a38e3e&#8221; text_text_color=&#8221;#FFFFFF&#8221; link_text_color=&#8221;#FFFFFF&#8221; custom_margin=&#8221;||10px||false|false&#8221; global_colors_info=&#8221;{}&#8221;]<a href=\"#\">Apps<\/a>[\/et_pb_text][\/et_pb_column][et_pb_column type=&#8221;1_4&#8243; _builder_version=&#8221;4.22.1&#8243; _module_preset=&#8221;default&#8221; global_colors_info=&#8221;{}&#8221;][et_pb_text _builder_version=&#8221;4.24.2&#8243; _module_preset=&#8221;6178d60b-f20a-4718-908a-77bdd2835408&#8243; header_4_text_color=&#8221;#FFFFFF&#8221; custom_margin=&#8221;||10px||false|false&#8221; global_colors_info=&#8221;{}&#8221;]<\/p>\n<h4>Services<\/h4>\n<p>[\/et_pb_text][et_pb_text _builder_version=&#8221;4.24.2&#8243; _module_preset=&#8221;60e0182e-0106-49da-99cf-3d5261a38e3e&#8221; text_text_color=&#8221;#FFFFFF&#8221; link_text_color=&#8221;#FFFFFF&#8221; custom_margin=&#8221;||10px||false|false&#8221; global_colors_info=&#8221;{}&#8221;]<\/p>\n<p>Design<\/p>\n<p>[\/et_pb_text][et_pb_text _builder_version=&#8221;4.24.2&#8243; _module_preset=&#8221;60e0182e-0106-49da-99cf-3d5261a38e3e&#8221; text_text_color=&#8221;#FFFFFF&#8221; link_text_color=&#8221;#FFFFFF&#8221; custom_margin=&#8221;||10px||false|false&#8221; global_colors_info=&#8221;{}&#8221;]<\/p>\n<p>Consultation<\/p>\n<p>[\/et_pb_text][et_pb_text _builder_version=&#8221;4.24.2&#8243; _module_preset=&#8221;60e0182e-0106-49da-99cf-3d5261a38e3e&#8221; text_text_color=&#8221;#FFFFFF&#8221; link_text_color=&#8221;#FFFFFF&#8221; custom_margin=&#8221;||10px||false|false&#8221; global_colors_info=&#8221;{}&#8221;]<\/p>\n<p>Development<\/p>\n<p>[\/et_pb_text][\/et_pb_column][et_pb_column type=&#8221;1_4&#8243; _builder_version=&#8221;4.22.1&#8243; _module_preset=&#8221;default&#8221; global_colors_info=&#8221;{}&#8221;][et_pb_text _builder_version=&#8221;4.24.2&#8243; _module_preset=&#8221;6178d60b-f20a-4718-908a-77bdd2835408&#8243; header_4_text_color=&#8221;#FFFFFF&#8221; custom_margin=&#8221;||10px||false|false&#8221; locked=&#8221;off&#8221; global_colors_info=&#8221;{}&#8221;]<\/p>\n<h4>Connect<\/h4>\n<p>[\/et_pb_text][et_pb_signup mailchimp_list=&#8221;undefined|elegantthemestest|1ea2bbd026&#8243; first_name_field=&#8221;off&#8221; last_name_field=&#8221;off&#8221; button_text=&#8221;s&#8217;abonner&#8221; _builder_version=&#8221;4.27.4&#8243; _module_preset=&#8221;d37464b5-4cd6-4477-b44c-1acf12da799e&#8221; form_field_background_color=&#8221;#FFFFFF&#8221; form_field_text_color=&#8221;#520026&#8243; form_field_font=&#8221;Helvetica Neue Bold|700||on|||||&#8221; button_text_color=&#8221;#520026&#8243; button_bg_color=&#8221;#FFFFFF&#8221; button_font=&#8221;Helvetica Neue Bold|700||on|||||&#8221; button_icon=&#8221;&#xf658;||fa||900&#8243; locked=&#8221;off&#8221; global_colors_info=&#8221;{}&#8221;][\/et_pb_signup][\/et_pb_column][\/et_pb_row][et_pb_row _builder_version=&#8221;4.24.2&#8243; _module_preset=&#8221;default&#8221; global_colors_info=&#8221;{}&#8221;][et_pb_column type=&#8221;4_4&#8243; _builder_version=&#8221;4.22.1&#8243; _module_preset=&#8221;default&#8221; global_colors_info=&#8221;{}&#8221;][et_pb_image src=&#8221;https:\/\/www.varsat.fr\/wp-content\/uploads\/2025\/05\/LOGO-Blanc-scaled-1.png&#8221; title_text=&#8221;LOGO Blanc&#8221; align=&#8221;center&#8221; _builder_version=&#8221;4.27.4&#8243; _module_preset=&#8221;default&#8221; max_height=&#8221;56px&#8221; custom_margin=&#8221;||10px|||&#8221; global_colors_info=&#8221;{}&#8221;][\/et_pb_image][et_pb_social_media_follow _builder_version=&#8221;4.27.4&#8243; _module_preset=&#8221;default&#8221; text_orientation=&#8221;center&#8221; locked=&#8221;off&#8221; global_colors_info=&#8221;{}&#8221;][et_pb_social_media_follow_network social_network=&#8221;linkedin&#8221; url=&#8221;https:\/\/www.linkedin.com\/company\/varsat\/&#8221; icon_color=&#8221;#000f29&#8243; use_icon_font_size=&#8221;on&#8221; _builder_version=&#8221;4.27.4&#8243; _module_preset=&#8221;default&#8221; background_color=&#8221;#FFFFFF&#8221; background_enable_color=&#8221;on&#8221; global_colors_info=&#8221;{}&#8221; follow_button=&#8221;off&#8221; url_new_window=&#8221;on&#8221;]linkedin[\/et_pb_social_media_follow_network][\/et_pb_social_media_follow][et_pb_text _builder_version=&#8221;4.27.4&#8243; _dynamic_attributes=&#8221;content&#8221; _module_preset=&#8221;027dcf1f-ddc4-4943-8911-f0ca5e17442e&#8221; header_4_font=&#8221;Open Sans|700||on|||||&#8221; header_4_text_align=&#8221;center&#8221; header_4_text_color=&#8221;#FFFFFF&#8221; locked=&#8221;off&#8221; global_colors_info=&#8221;{}&#8221;]@ET-DC@eyJkeW5hbWljIjp0cnVlLCJjb250ZW50IjoiY3VycmVudF9kYXRlIiwic2V0dGluZ3MiOnsiYmVmb3JlIjoiPGg0PkNvcHlyaWdodCAmY29weTsgIiwiYWZ0ZXIiOiIgVmFyc2F0LiBBbGwgUmlnaHRzIFJlc2VydmVkLjwvaDQ+IiwiZGF0ZV9mb3JtYXQiOiJjdXN0b20iLCJjdXN0b21fZGF0ZV9mb3JtYXQiOiJZIn19@[\/et_pb_text][\/et_pb_column][\/et_pb_row][\/et_pb_section]<\/p>\n","protected":false},"excerpt":{"rendered":"<p>Contactez-nousUne question ? Un projet ? Besoin d\u2019un renseignement ? L\u2019\u00e9quipe de Varsat est \u00e0 votre \u00e9coute.N\u2019h\u00e9sitez pas \u00e0 nous \u00e9crire via le formulaire ou \u00e0 nous contacter directement par e-mail ou t\u00e9l\u00e9phone.Nous vous r\u00e9pondrons dans les plus brefs d\u00e9lais.Emaill.costa@varsat.frCompanyAbout UsMedia &#038; PressCareersProductsAPIAppsServicesDesignConsultationDevelopmentConnect<\/p>\n","protected":false},"author":1,"featured_media":0,"parent":0,"menu_order":0,"comment_status":"closed","ping_status":"closed","template":"","meta":{"_et_pb_use_builder":"on","_et_pb_old_content":"","_et_gb_content_width":"","footnotes":""},"class_list":["post-70","page","type-page","status-publish","hentry"],"yoast_head":"<!-- This site is optimized with the Yoast SEO plugin v25.3.1 - https:\/\/yoast.com\/wordpress\/plugins\/seo\/ -->\n<title>Contact - Varsat<\/title>\n<meta name=\"robots\" content=\"index, follow, max-snippet:-1, max-image-preview:large, max-video-preview:-1\" \/>\n<link rel=\"canonical\" href=\"https:\/\/www.varsat.fr\/index.php\/contact\/\" \/>\n<meta property=\"og:locale\" content=\"en_US\" \/>\n<meta property=\"og:type\" content=\"article\" \/>\n<meta property=\"og:title\" content=\"Contact - Varsat\" \/>\n<meta property=\"og:description\" content=\"Contactez-nousUne question ? Un projet ? Besoin d\u2019un renseignement ? L\u2019\u00e9quipe de Varsat est \u00e0 votre \u00e9coute.N\u2019h\u00e9sitez pas \u00e0 nous \u00e9crire via le formulaire ou \u00e0 nous contacter directement par e-mail ou t\u00e9l\u00e9phone.Nous vous r\u00e9pondrons dans les plus brefs d\u00e9lais.Emaill.costa@varsat.frCompanyAbout UsMedia &amp; PressCareersProductsAPIAppsServicesDesignConsultationDevelopmentConnect\" \/>\n<meta property=\"og:url\" content=\"https:\/\/www.varsat.fr\/index.php\/contact\/\" \/>\n<meta property=\"og:site_name\" content=\"Varsat\" \/>\n<meta property=\"article:modified_time\" content=\"2025-06-29T22:39:32+00:00\" \/>\n<meta name=\"twitter:card\" content=\"summary_large_image\" \/>\n<script type=\"application\/ld+json\" class=\"yoast-schema-graph\">{\"@context\":\"https:\/\/schema.org\",\"@graph\":[{\"@type\":\"WebPage\",\"@id\":\"https:\/\/www.varsat.fr\/index.php\/contact\/\",\"url\":\"https:\/\/www.varsat.fr\/index.php\/contact\/\",\"name\":\"Contact - Varsat\",\"isPartOf\":{\"@id\":\"https:\/\/www.varsat.fr\/#website\"},\"datePublished\":\"2025-06-09T15:40:04+00:00\",\"dateModified\":\"2025-06-29T22:39:32+00:00\",\"breadcrumb\":{\"@id\":\"https:\/\/www.varsat.fr\/index.php\/contact\/#breadcrumb\"},\"inLanguage\":\"en-US\",\"potentialAction\":[{\"@type\":\"ReadAction\",\"target\":[\"https:\/\/www.varsat.fr\/index.php\/contact\/\"]}]},{\"@type\":\"BreadcrumbList\",\"@id\":\"https:\/\/www.varsat.fr\/index.php\/contact\/#breadcrumb\",\"itemListElement\":[{\"@type\":\"ListItem\",\"position\":1,\"name\":\"Accueil\",\"item\":\"https:\/\/www.varsat.fr\/\"},{\"@type\":\"ListItem\",\"position\":2,\"name\":\"Contact\"}]},{\"@type\":\"WebSite\",\"@id\":\"https:\/\/www.varsat.fr\/#website\",\"url\":\"https:\/\/www.varsat.fr\/\",\"name\":\"Varsat\",\"description\":\"L\u2019entra\u00eenement virtuel en \u00e9quipe &quot;next gen&quot; et &quot;made in France&quot; pour l\u2019industrie et la D\u00e9fense\",\"publisher\":{\"@id\":\"https:\/\/www.varsat.fr\/#organization\"},\"potentialAction\":[{\"@type\":\"SearchAction\",\"target\":{\"@type\":\"EntryPoint\",\"urlTemplate\":\"https:\/\/www.varsat.fr\/?s={search_term_string}\"},\"query-input\":{\"@type\":\"PropertyValueSpecification\",\"valueRequired\":true,\"valueName\":\"search_term_string\"}}],\"inLanguage\":\"en-US\"},{\"@type\":\"Organization\",\"@id\":\"https:\/\/www.varsat.fr\/#organization\",\"name\":\"Varsat\",\"url\":\"https:\/\/www.varsat.fr\/\",\"logo\":{\"@type\":\"ImageObject\",\"inLanguage\":\"en-US\",\"@id\":\"https:\/\/www.varsat.fr\/#\/schema\/logo\/image\/\",\"url\":\"https:\/\/www.varsat.fr\/wp-content\/uploads\/2025\/05\/LOGO-Blanc-scaled-1.png\",\"contentUrl\":\"https:\/\/www.varsat.fr\/wp-content\/uploads\/2025\/05\/LOGO-Blanc-scaled-1.png\",\"width\":2560,\"height\":787,\"caption\":\"Varsat\"},\"image\":{\"@id\":\"https:\/\/www.varsat.fr\/#\/schema\/logo\/image\/\"},\"sameAs\":[\"https:\/\/www.linkedin.com\/company\/varsat\/\"]}]}<\/script>\n<!-- \/ Yoast SEO plugin. -->","yoast_head_json":{"title":"Contact - Varsat","robots":{"index":"index","follow":"follow","max-snippet":"max-snippet:-1","max-image-preview":"max-image-preview:large","max-video-preview":"max-video-preview:-1"},"canonical":"https:\/\/www.varsat.fr\/index.php\/contact\/","og_locale":"en_US","og_type":"article","og_title":"Contact - Varsat","og_description":"Contactez-nousUne question ? Un projet ? Besoin d\u2019un renseignement ? L\u2019\u00e9quipe de Varsat est \u00e0 votre \u00e9coute.N\u2019h\u00e9sitez pas \u00e0 nous \u00e9crire via le formulaire ou \u00e0 nous contacter directement par e-mail ou t\u00e9l\u00e9phone.Nous vous r\u00e9pondrons dans les plus brefs d\u00e9lais.Emaill.costa@varsat.frCompanyAbout UsMedia & PressCareersProductsAPIAppsServicesDesignConsultationDevelopmentConnect","og_url":"https:\/\/www.varsat.fr\/index.php\/contact\/","og_site_name":"Varsat","article_modified_time":"2025-06-29T22:39:32+00:00","twitter_card":"summary_large_image","schema":{"@context":"https:\/\/schema.org","@graph":[{"@type":"WebPage","@id":"https:\/\/www.varsat.fr\/index.php\/contact\/","url":"https:\/\/www.varsat.fr\/index.php\/contact\/","name":"Contact - Varsat","isPartOf":{"@id":"https:\/\/www.varsat.fr\/#website"},"datePublished":"2025-06-09T15:40:04+00:00","dateModified":"2025-06-29T22:39:32+00:00","breadcrumb":{"@id":"https:\/\/www.varsat.fr\/index.php\/contact\/#breadcrumb"},"inLanguage":"en-US","potentialAction":[{"@type":"ReadAction","target":["https:\/\/www.varsat.fr\/index.php\/contact\/"]}]},{"@type":"BreadcrumbList","@id":"https:\/\/www.varsat.fr\/index.php\/contact\/#breadcrumb","itemListElement":[{"@type":"ListItem","position":1,"name":"Accueil","item":"https:\/\/www.varsat.fr\/"},{"@type":"ListItem","position":2,"name":"Contact"}]},{"@type":"WebSite","@id":"https:\/\/www.varsat.fr\/#website","url":"https:\/\/www.varsat.fr\/","name":"Varsat","description":"L\u2019entra\u00eenement virtuel en \u00e9quipe &quot;next gen&quot; et &quot;made in France&quot; pour l\u2019industrie et la D\u00e9fense","publisher":{"@id":"https:\/\/www.varsat.fr\/#organization"},"potentialAction":[{"@type":"SearchAction","target":{"@type":"EntryPoint","urlTemplate":"https:\/\/www.varsat.fr\/?s={search_term_string}"},"query-input":{"@type":"PropertyValueSpecification","valueRequired":true,"valueName":"search_term_string"}}],"inLanguage":"en-US"},{"@type":"Organization","@id":"https:\/\/www.varsat.fr\/#organization","name":"Varsat","url":"https:\/\/www.varsat.fr\/","logo":{"@type":"ImageObject","inLanguage":"en-US","@id":"https:\/\/www.varsat.fr\/#\/schema\/logo\/image\/","url":"https:\/\/www.varsat.fr\/wp-content\/uploads\/2025\/05\/LOGO-Blanc-scaled-1.png","contentUrl":"https:\/\/www.varsat.fr\/wp-content\/uploads\/2025\/05\/LOGO-Blanc-scaled-1.png","width":2560,"height":787,"caption":"Varsat"},"image":{"@id":"https:\/\/www.varsat.fr\/#\/schema\/logo\/image\/"},"sameAs":["https:\/\/www.linkedin.com\/company\/varsat\/"]}]}},"_links":{"self":[{"href":"https:\/\/www.varsat.fr\/index.php\/wp-json\/wp\/v2\/pages\/70","targetHints":{"allow":["GET"]}}],"collection":[{"href":"https:\/\/www.varsat.fr\/index.php\/wp-json\/wp\/v2\/pages"}],"about":[{"href":"https:\/\/www.varsat.fr\/index.php\/wp-json\/wp\/v2\/types\/page"}],"author":[{"embeddable":true,"href":"https:\/\/www.varsat.fr\/index.php\/wp-json\/wp\/v2\/users\/1"}],"replies":[{"embeddable":true,"href":"https:\/\/www.varsat.fr\/index.php\/wp-json\/wp\/v2\/comments?post=70"}],"version-history":[{"count":6,"href":"https:\/\/www.varsat.fr\/index.php\/wp-json\/wp\/v2\/pages\/70\/revisions"}],"predecessor-version":[{"id":147,"href":"https:\/\/www.varsat.fr\/index.php\/wp-json\/wp\/v2\/pages\/70\/revisions\/147"}],"wp:attachment":[{"href":"https:\/\/www.varsat.fr\/index.php\/wp-json\/wp\/v2\/media?parent=70"}],"curies":[{"name":"wp","href":"https:\/\/api.w.org\/{rel}","templated":true}]}}